{"id":8,"date":"2011-12-29T14:54:01","date_gmt":"2011-12-29T14:54:01","guid":{"rendered":"http:\/\/www.hyva.ee\/?page_id=8"},"modified":"2025-06-06T19:42:16","modified_gmt":"2025-06-06T16:42:16","slug":"teenused-ja-hinnad","status":"publish","type":"page","link":"http:\/\/www.hyva.ee\/?page_id=8","title":{"rendered":"Teenused ja hinnad"},"content":{"rendered":"<h3>Teenused<\/h3>\n<p>Ps\u00fchhiaatriline konsultatsioon<\/p>\n<p>Meditsiinilised t\u00f5endid (relvaloa, autojuhiloa taotlejatele)<\/p>\n<p>Ps\u00fchhoteraapia (individuaalselt, paarina)<\/p>\n<h3>Hinnad<\/h3>\n<p>Esmane vastuv\u00f5tt (kuni 50 minutit) 140\u20ac<\/p>\n<p>Korduv vastuv\u00f5tt (kuni 50 minutit) 125 \u20ac<\/p>\n<p>Korduv vastuv\u00f5tt (kuni 1 tund ja 40 minutit) 250 \u20ac<\/p>\n<p>Digiretsepti tegemine v\u00e4ljaspool visiidiaega 25 \u20ac<\/p>\n<p>V\u00e4ljav\u00f5tte v\u00f5i spetsialisti hinnangu koostamine ravidokumentatsiooni p\u00f5hjal 125\u20ac<br \/>\n(dokumentatsioon t\u00f6\u00f6v\u00f5ime ekspertiisiks, kindlustuslepingu s\u00f5lmimiseks, ravimi erandkorras h\u00fcvitamise taotluse tarbeks jms.)<\/p>\n","protected":false},"excerpt":{"rendered":"<p>Teenused Ps\u00fchhiaatriline konsultatsioon Meditsiinilised t\u00f5endid (relvaloa, autojuhiloa taotlejatele) Ps\u00fchhoteraapia (individuaalselt, paarina) Hinnad Esmane vastuv\u00f5tt (kuni 50 minutit) 140\u20ac Korduv vastuv\u00f5tt (kuni 50 minutit) 125 \u20ac Korduv vastuv\u00f5tt (kuni 1 tund ja 40 minutit) 250 \u20ac Digiretsepti tegemine v\u00e4ljaspool visiidiaega 25 \u20ac V\u00e4ljav\u00f5tte v\u00f5i spetsialisti hinnangu koostamine ravidokumentatsiooni p\u00f5hjal 125\u20ac (dokumentatsioon t\u00f6\u00f6v\u00f5ime ekspertiisiks, kindlustuslepingu s\u00f5lmimiseks, ravimi [&hellip;]<\/p>\n","protected":false},"author":1,"featured_media":0,"parent":0,"menu_order":0,"comment_status":"open","ping_status":"open","template":"","meta":{"footnotes":""},"_links":{"self":[{"href":"http:\/\/www.hyva.ee\/index.php?rest_route=\/wp\/v2\/pages\/8"}],"collection":[{"href":"http:\/\/www.hyva.ee\/index.php?rest_route=\/wp\/v2\/pages"}],"about":[{"href":"http:\/\/www.hyva.ee\/index.php?rest_route=\/wp\/v2\/types\/page"}],"author":[{"embeddable":true,"href":"http:\/\/www.hyva.ee\/index.php?rest_route=\/wp\/v2\/users\/1"}],"replies":[{"embeddable":true,"href":"http:\/\/www.hyva.ee\/index.php?rest_route=%2Fwp%2Fv2%2Fcomments&post=8"}],"version-history":[{"count":24,"href":"http:\/\/www.hyva.ee\/index.php?rest_route=\/wp\/v2\/pages\/8\/revisions"}],"predecessor-version":[{"id":115,"href":"http:\/\/www.hyva.ee\/index.php?rest_route=\/wp\/v2\/pages\/8\/revisions\/115"}],"wp:attachment":[{"href":"http:\/\/www.hyva.ee\/index.php?rest_route=%2Fwp%2Fv2%2Fmedia&parent=8"}],"curies":[{"name":"wp","href":"https:\/\/api.w.org\/{rel}","templated":true}]}}