{"id":12,"date":"2011-12-29T14:55:06","date_gmt":"2011-12-29T14:55:06","guid":{"rendered":"http:\/\/www.hyva.ee\/?page_id=12"},"modified":"2017-07-14T14:58:44","modified_gmt":"2017-07-14T11:58:44","slug":"kkk","status":"publish","type":"page","link":"http:\/\/www.hyva.ee\/?page_id=12","title":{"rendered":"KKK"},"content":{"rendered":"<h1>Korduma kippuvad k\u00fcsimused<\/h1>\n<p><strong>Mis vahet on ps\u00fchhiaatril, ps\u00fchholoogil ja ps\u00fchhoterapeudil?<\/strong><\/p>\n<p>K\u00f5ige olulisem erinevus on baashariduses. <strong>Ps\u00fchhiaater<\/strong> on \u00f5ppinud \u00fclikoolis arstiks ning seej\u00e4rel spetsialiseerunud ps\u00fchhiaatriale. <strong>Ps\u00fchholoogil<\/strong> on k\u00f5rgharidus ps\u00fchholoogia alal. Ps\u00fchholoogia on teadusharu, mis h\u00f5lmab paljusid valdkondi \u2013 n\u00e4iteks organisatsioonide ps\u00fchholoogia, reklaamips\u00fchholoogia jpm. \u00dcks ps\u00fchholoogia eriharu on kliiniline ps\u00fchholoogia, millel omakorda on kitsamaid suundumusi (n\u00e4iteks neurops\u00fchholoogia). Ps\u00fchhoteraapia on praktiline. Ps\u00fchhoteraapia suundi on v\u00e4ga palju erinevaid (n\u00e4iteks ps\u00fchhoanal\u00fc\u00fctiline teraapia, pereteraapia, gestaltteraapia, ps\u00fchhodraama, kognitiiv-k\u00e4itumuslik teraapia jpm.). Erinevate teraapiasuundade ps\u00fchhoterapeutidel on v\u00e4ga erinev spetsiifiline v\u00e4lja\u00f5pe. <strong>Ps\u00fchhoterapeutide<\/strong> baasharidus v\u00f5ib olla v\u00e4ga erinev. Sageli on nad \u00f5ppinud meditsiini, ps\u00fchholoogiat v\u00f5i pedagoogikat, kuid ps\u00fchhoterapeutide seas on ka muusikuid, insenere, filolooge jm. Ps\u00fchhiaatri, ps\u00fchholoogi ja ps\u00fchhoterapeudi tegevus v\u00f5ib m\u00f5neti kattuda, kuid ravimite v\u00e4ljakirjutamine kuulub neist vaid ps\u00fchhiaatrite (arstid) kompetentsi.<\/p>\n<p>&nbsp;<\/p>\n<p><strong>Kas ps\u00fchhiaatrilistest ravimitest j\u00e4\u00e4b s\u00f5ltuvusse?<\/strong><\/p>\n<p>Laias laastus on ps\u00fchhiaatrias kasutusel 3 ravimitegruppi \u2013 1) antidepressandid, 2) rahustid ja uinutid ning 3) antips\u00fchhootikumid. Rahustitest ja uinutitest v\u00f5ib s\u00f5ltuvusse j\u00e4\u00e4da k\u00fcll. Seep\u00e4rast soovitataksegi neid tarvitada vaid arsti ettekirjutusel. Kui mingil p\u00f5hjusel on vaja tarvitada rahusteid ja\/v\u00f5i uinuteid j\u00e4rjest pikemalt kui 2 n\u00e4dalat, siis on n\u00e4idustatud ps\u00fchhiaatri konsultatsioon, et leida muu lahendus pikemaaegseks raviks. Antidepressantidest ja antips\u00fchhootikumidest s\u00f5ltuvusse ei j\u00e4\u00e4.<\/p>\n<p>&nbsp;<\/p>\n<p>&nbsp;<\/p>\n","protected":false},"excerpt":{"rendered":"<p>Korduma kippuvad k\u00fcsimused Mis vahet on ps\u00fchhiaatril, ps\u00fchholoogil ja ps\u00fchhoterapeudil? K\u00f5ige olulisem erinevus on baashariduses. Ps\u00fchhiaater on \u00f5ppinud \u00fclikoolis arstiks ning seej\u00e4rel spetsialiseerunud ps\u00fchhiaatriale. Ps\u00fchholoogil on k\u00f5rgharidus ps\u00fchholoogia alal. Ps\u00fchholoogia on teadusharu, mis h\u00f5lmab paljusid valdkondi \u2013 n\u00e4iteks organisatsioonide ps\u00fchholoogia, reklaamips\u00fchholoogia jpm. \u00dcks ps\u00fchholoogia eriharu on kliiniline ps\u00fchholoogia, millel omakorda on kitsamaid suundumusi (n\u00e4iteks neurops\u00fchholoogia). [&hellip;]<\/p>\n","protected":false},"author":1,"featured_media":0,"parent":0,"menu_order":0,"comment_status":"closed","ping_status":"closed","template":"","meta":{"footnotes":""},"_links":{"self":[{"href":"http:\/\/www.hyva.ee\/index.php?rest_route=\/wp\/v2\/pages\/12"}],"collection":[{"href":"http:\/\/www.hyva.ee\/index.php?rest_route=\/wp\/v2\/pages"}],"about":[{"href":"http:\/\/www.hyva.ee\/index.php?rest_route=\/wp\/v2\/types\/page"}],"author":[{"embeddable":true,"href":"http:\/\/www.hyva.ee\/index.php?rest_route=\/wp\/v2\/users\/1"}],"replies":[{"embeddable":true,"href":"http:\/\/www.hyva.ee\/index.php?rest_route=%2Fwp%2Fv2%2Fcomments&post=12"}],"version-history":[{"count":10,"href":"http:\/\/www.hyva.ee\/index.php?rest_route=\/wp\/v2\/pages\/12\/revisions"}],"predecessor-version":[{"id":73,"href":"http:\/\/www.hyva.ee\/index.php?rest_route=\/wp\/v2\/pages\/12\/revisions\/73"}],"wp:attachment":[{"href":"http:\/\/www.hyva.ee\/index.php?rest_route=%2Fwp%2Fv2%2Fmedia&parent=12"}],"curies":[{"name":"wp","href":"https:\/\/api.w.org\/{rel}","templated":true}]}}