{"id":10,"date":"2011-12-29T14:54:20","date_gmt":"2011-12-29T14:54:20","guid":{"rendered":"http:\/\/www.hyva.ee\/?page_id=10"},"modified":"2024-05-31T18:54:59","modified_gmt":"2024-05-31T15:54:59","slug":"firmast","status":"publish","type":"page","link":"http:\/\/www.hyva.ee\/?page_id=10","title":{"rendered":"Firmast"},"content":{"rendered":"\n<p>Praksis on loodud 2005 a. eesm\u00e4rgiga&nbsp; pakkuda ps\u00fchhiaatrilist n\u00f5ustamist ja ps\u00fchhoteraapiat privaatses \u00f5hkkonnas.<\/p>\n<p>&nbsp;<\/p>\n<h3>Kaia H\u00fcva-Laiapea<\/h3>\n<p>Olen l\u00f5petanud Tartu \u00dclikoolis arstiteaduskonna 1994 ja spetsialiseerunud ps\u00fchhiaatriale 1999. Aastatel 1996-2007 olen t\u00f6\u00f6tanud Tallinnas Ps\u00fchhiaatriakliinikus \u2013 algul ps\u00fchhiaatria residendina, hiljem ps\u00fchhiaatrina. Alates 2005 t\u00f6\u00f6tan enda praksises ps\u00fchhiaatri ja ps\u00fchhoterapeudina. Enamuse patsientide puhul kombineerin teadmisi m\u00f5lemast valdkonnast. Alates aastast 1995 olen tegelenud gestaltteraapiaga, teinud individuaaln\u00f5ustamist ja viinud l\u00e4bi isiksusliku arengu gruppe. Oman rahvusvaheliselt tunnustatud gestaltterapeudi sertifikaati (GIS-International, Taani, 2003). Gestaltterapeudi treeningu l\u00f5put\u00f6\u00f6 kirjutasin gestaltteraapia p\u00f5him\u00f5tete rakendamise kohta ps\u00fchhiaatrias. Vabastava hingamise terapeut (Source Process and Breath work, treening Binnie A. Dansby juures 2005-2009). Alates 2009 tulid minu praktikasse traumateraapia ja EMDR (Eye Movement Desensitization and Reprocessing), milles t\u00e4iendan end regulaarselt. Eriala\u00fchendustest kuulun Eesti Ps\u00fchhiaatrite Seltsi, EMDR Eesti Uhingusse (asutajaliige ja juhatuse liige), EMDR Europe Association\u00b4i ja European Society for Trauma and Dissociation\u2019i (ESTD).\n<p>&nbsp;<\/p>\n<a href=\"http:\/\/www.hyva.ee\/wp-content\/uploads\/2021\/06\/Kaia-scaled.jpg\"><img loading=\"lazy\" decoding=\"async\" class=\"size-medium wp-image-86 alignright\" src=\"http:\/\/www.hyva.ee\/wp-content\/uploads\/2021\/06\/Kaia-300x191.jpg\" alt=\"\" width=\"300\" height=\"191\" srcset=\"http:\/\/www.hyva.ee\/wp-content\/uploads\/2021\/06\/Kaia-300x191.jpg 300w, http:\/\/www.hyva.ee\/wp-content\/uploads\/2021\/06\/Kaia-1024x651.jpg 1024w, http:\/\/www.hyva.ee\/wp-content\/uploads\/2021\/06\/Kaia-768x488.jpg 768w, http:\/\/www.hyva.ee\/wp-content\/uploads\/2021\/06\/Kaia-1536x976.jpg 1536w, http:\/\/www.hyva.ee\/wp-content\/uploads\/2021\/06\/Kaia-2048x1302.jpg 2048w\" sizes=\"(max-width: 300px) 100vw, 300px\" \/><\/a><\/p>\n\n\n\n<p><\/p>\n","protected":false},"excerpt":{"rendered":"<p>Praksis on loodud 2005 a. eesm\u00e4rgiga&nbsp; pakkuda ps\u00fchhiaatrilist n\u00f5ustamist ja ps\u00fchhoteraapiat privaatses \u00f5hkkonnas. &nbsp; Kaia H\u00fcva-Laiapea Olen l\u00f5petanud Tartu \u00dclikoolis arstiteaduskonna 1994 ja spetsialiseerunud ps\u00fchhiaatriale 1999. Aastatel 1996-2007 olen t\u00f6\u00f6tanud Tallinnas Ps\u00fchhiaatriakliinikus \u2013 algul ps\u00fchhiaatria residendina, hiljem ps\u00fchhiaatrina. Alates 2005 t\u00f6\u00f6tan enda praksises ps\u00fchhiaatri ja ps\u00fchhoterapeudina. Enamuse patsientide puhul kombineerin teadmisi m\u00f5lemast valdkonnast. Alates aastast [&hellip;]<\/p>\n","protected":false},"author":1,"featured_media":0,"parent":0,"menu_order":0,"comment_status":"open","ping_status":"open","template":"","meta":{"footnotes":""},"_links":{"self":[{"href":"http:\/\/www.hyva.ee\/index.php?rest_route=\/wp\/v2\/pages\/10"}],"collection":[{"href":"http:\/\/www.hyva.ee\/index.php?rest_route=\/wp\/v2\/pages"}],"about":[{"href":"http:\/\/www.hyva.ee\/index.php?rest_route=\/wp\/v2\/types\/page"}],"author":[{"embeddable":true,"href":"http:\/\/www.hyva.ee\/index.php?rest_route=\/wp\/v2\/users\/1"}],"replies":[{"embeddable":true,"href":"http:\/\/www.hyva.ee\/index.php?rest_route=%2Fwp%2Fv2%2Fcomments&post=10"}],"version-history":[{"count":19,"href":"http:\/\/www.hyva.ee\/index.php?rest_route=\/wp\/v2\/pages\/10\/revisions"}],"predecessor-version":[{"id":113,"href":"http:\/\/www.hyva.ee\/index.php?rest_route=\/wp\/v2\/pages\/10\/revisions\/113"}],"wp:attachment":[{"href":"http:\/\/www.hyva.ee\/index.php?rest_route=%2Fwp%2Fv2%2Fmedia&parent=10"}],"curies":[{"name":"wp","href":"https:\/\/api.w.org\/{rel}","templated":true}]}}